{"id":1534,"date":"2023-04-25T17:42:44","date_gmt":"2023-04-25T15:42:44","guid":{"rendered":"https:\/\/www.pantehnic.ro\/axeria\/?page_id=1534"},"modified":"2026-04-07T10:37:48","modified_gmt":"2026-04-07T08:37:48","slug":"calculator-rca","status":"publish","type":"page","link":"https:\/\/www.axeria-iard.ro\/stagingGDPR\/calculator-rca\/","title":{"rendered":"Calculator RCA"},"content":{"rendered":"\t\t<div data-elementor-type=\"wp-page\" data-elementor-id=\"1534\" class=\"elementor elementor-1534\" data-elementor-settings=\"{&quot;ha_cmc_init_switcher&quot;:&quot;no&quot;}\">\n\t\t\t\t\t\t<section class=\"elementor-section elementor-top-section elementor-element elementor-element-0cccd16 ct-section-stretched elementor-section-full_width elementor-section-height-default elementor-section-height-default\" data-id=\"0cccd16\" data-element_type=\"section\" data-e-type=\"section\" data-settings=\"{&quot;_ha_eqh_enable&quot;:false}\">\n\t\t\t\t\t\t\t<div class=\"elementor-background-overlay\"><\/div>\n\t\t\t\t\t\t\t<div class=\"elementor-container elementor-column-gap-default\">\n\t\t\t\t\t<div class=\"elementor-column elementor-col-100 elementor-top-column elementor-element elementor-element-b480748\" data-id=\"b480748\" data-element_type=\"column\" data-e-type=\"column\">\n\t\t\t<div class=\"elementor-widget-wrap elementor-element-populated\">\n\t\t\t\t\t\t<div class=\"elementor-element elementor-element-198b822 elementor-hidden-tablet elementor-hidden-mobile elementor-widget elementor-widget-spacer\" data-id=\"198b822\" data-element_type=\"widget\" data-e-type=\"widget\" data-widget_type=\"spacer.default\">\n\t\t\t\t<div class=\"elementor-widget-container\">\n\t\t\t\t\t\t\t<div class=\"elementor-spacer\">\n\t\t\t<div class=\"elementor-spacer-inner\"><\/div>\n\t\t<\/div>\n\t\t\t\t\t\t<\/div>\n\t\t\t\t<\/div>\n\t\t\t\t\t<\/div>\n\t\t<\/div>\n\t\t\t\t\t<\/div>\n\t\t<\/section>\n\t\t\t\t<section class=\"elementor-section elementor-top-section elementor-element elementor-element-b4d8c68 ct-section-stretched elementor-section-full_width elementor-section-height-default elementor-section-height-default\" data-id=\"b4d8c68\" data-element_type=\"section\" data-e-type=\"section\" data-settings=\"{&quot;_ha_eqh_enable&quot;:false}\">\n\t\t\t\t\t\t\t<div class=\"elementor-background-overlay\"><\/div>\n\t\t\t\t\t\t\t<div class=\"elementor-container elementor-column-gap-default\">\n\t\t\t\t\t<div class=\"elementor-column elementor-col-100 elementor-top-column elementor-element elementor-element-dd5ce25\" data-id=\"dd5ce25\" data-element_type=\"column\" data-e-type=\"column\">\n\t\t\t<div class=\"elementor-widget-wrap elementor-element-populated\">\n\t\t\t\t\t\t<div class=\"elementor-element elementor-element-0467f97 elementor-widget elementor-widget-text-editor\" data-id=\"0467f97\" data-element_type=\"widget\" data-e-type=\"widget\" data-widget_type=\"text-editor.default\">\n\t\t\t\t<div class=\"elementor-widget-container\">\n\t\t\t\t\t\t\t\t\t<p>Calculator RCA<\/p>\t\t\t\t\t\t\t\t<\/div>\n\t\t\t\t<\/div>\n\t\t\t\t\t<\/div>\n\t\t<\/div>\n\t\t\t\t\t<\/div>\n\t\t<\/section>\n\t\t\t\t<section class=\"elementor-section elementor-top-section elementor-element elementor-element-e672fdb ct-section-stretched elementor-section-full_width elementor-section-height-default elementor-section-height-default\" data-id=\"e672fdb\" data-element_type=\"section\" data-e-type=\"section\" data-settings=\"{&quot;_ha_eqh_enable&quot;:false}\">\n\t\t\t\t\t\t\t<div class=\"elementor-background-overlay\"><\/div>\n\t\t\t\t\t\t\t<div class=\"elementor-container elementor-column-gap-default\">\n\t\t\t\t\t<div class=\"elementor-column elementor-col-100 elementor-top-column elementor-element elementor-element-ee9e75d\" data-id=\"ee9e75d\" data-element_type=\"column\" data-e-type=\"column\">\n\t\t\t<div class=\"elementor-widget-wrap elementor-element-populated\">\n\t\t\t\t\t\t<div class=\"elementor-element elementor-element-9299d02 elementor-widget elementor-widget-text-editor\" data-id=\"9299d02\" data-element_type=\"widget\" data-e-type=\"widget\" data-widget_type=\"text-editor.default\">\n\t\t\t\t<div class=\"elementor-widget-container\">\n\t\t\t\t\t\t\t\t\t<p>Aici puteti obtine tariful informativ RCA pentru autovehiculul dvs., ce contine si comisionul de intermediere maximal de 11%.<br \/>Va rugam sa retineti ca acesta nu reprezinta o oferta de asigurare.<br \/>Daca doriti o oferta de asigurare angajanta, va rugam sa va adresati unuia dintre partenerii nostri pe care ii puteti gasi pe pagina\u00a0<a class=\"mail\" href=\"https:\/\/www.axeria-iard.ro\/stagingGDPR\/parteneri\/\">&#8220;PARTENERI&#8221;<\/a>.<br \/>Pentru orice neclaritati sau informatii suplimentare, va rugam sa va adresati sucursalei la adresa\u00a0<a class=\"mail\" href=\"mailto:%20administrare@axeria-iard.ro\">administrare@axeria-iard.ro<\/a>.<\/p>\t\t\t\t\t\t\t\t<\/div>\n\t\t\t\t<\/div>\n\t\t\t\t\t<\/div>\n\t\t<\/div>\n\t\t\t\t\t<\/div>\n\t\t<\/section>\n\t\t\t\t<section class=\"elementor-section elementor-top-section elementor-element elementor-element-accaae9 elementor-section-boxed elementor-section-height-default elementor-section-height-default\" data-id=\"accaae9\" data-element_type=\"section\" data-e-type=\"section\" data-settings=\"{&quot;_ha_eqh_enable&quot;:false}\">\n\t\t\t\t\t\t\t<div class=\"elementor-background-overlay\"><\/div>\n\t\t\t\t\t\t\t<div class=\"elementor-container elementor-column-gap-default\">\n\t\t\t\t\t<div class=\"elementor-column elementor-col-100 elementor-top-column elementor-element elementor-element-14a68bc\" data-id=\"14a68bc\" data-element_type=\"column\" data-e-type=\"column\">\n\t\t\t<div class=\"elementor-widget-wrap elementor-element-populated\">\n\t\t\t\t\t\t<div class=\"elementor-element elementor-element-b5faf58 elementor-widget elementor-widget-text-editor\" data-id=\"b5faf58\" data-element_type=\"widget\" data-e-type=\"widget\" data-widget_type=\"text-editor.default\">\n\t\t\t\t<div class=\"elementor-widget-container\">\n\t\t\t\t\t\t\t\t\t<p>Pentru acces la calculator RCA <a href=\"https:\/\/portal.axeria-iard.ro\/publiccalculator\/\">click aici.\u00a0<\/a><\/p>\t\t\t\t\t\t\t\t<\/div>\n\t\t\t\t<\/div>\n\t\t\t\t\t<\/div>\n\t\t<\/div>\n\t\t\t\t\t<\/div>\n\t\t<\/section>\n\t\t\t\t<section class=\"elementor-section elementor-top-section elementor-element elementor-element-cf00809 elementor-hidden-tablet elementor-hidden-mobile elementor-section-boxed elementor-section-height-default elementor-section-height-default\" data-id=\"cf00809\" data-element_type=\"section\" data-e-type=\"section\" data-settings=\"{&quot;_ha_eqh_enable&quot;:false}\">\n\t\t\t\t\t\t\t<div class=\"elementor-background-overlay\"><\/div>\n\t\t\t\t\t\t\t<div class=\"elementor-container elementor-column-gap-default\">\n\t\t\t\t\t<div class=\"elementor-column elementor-col-100 elementor-top-column elementor-element elementor-element-f83ccd0\" data-id=\"f83ccd0\" data-element_type=\"column\" data-e-type=\"column\">\n\t\t\t<div class=\"elementor-widget-wrap elementor-element-populated\">\n\t\t\t\t\t\t<div class=\"elementor-element elementor-element-7945093 elementor-widget elementor-widget-spacer\" data-id=\"7945093\" data-element_type=\"widget\" data-e-type=\"widget\" data-widget_type=\"spacer.default\">\n\t\t\t\t<div class=\"elementor-widget-container\">\n\t\t\t\t\t\t\t<div class=\"elementor-spacer\">\n\t\t\t<div class=\"elementor-spacer-inner\"><\/div>\n\t\t<\/div>\n\t\t\t\t\t\t<\/div>\n\t\t\t\t<\/div>\n\t\t\t\t\t<\/div>\n\t\t<\/div>\n\t\t\t\t\t<\/div>\n\t\t<\/section>\n\t\t\t\t<section class=\"elementor-section elementor-top-section elementor-element elementor-element-42efd369 elementor-section-boxed elementor-section-height-default elementor-section-height-default\" data-id=\"42efd369\" data-element_type=\"section\" data-e-type=\"section\" data-settings=\"{&quot;background_background&quot;:&quot;classic&quot;,&quot;_ha_eqh_enable&quot;:false}\">\n\t\t\t\t\t\t<div class=\"elementor-container elementor-column-gap-default\">\n\t\t\t\t\t<div class=\"elementor-column elementor-col-33 elementor-top-column elementor-element elementor-element-4e7d0e5\" data-id=\"4e7d0e5\" data-element_type=\"column\" data-e-type=\"column\">\n\t\t\t<div class=\"elementor-widget-wrap elementor-element-populated\">\n\t\t\t\t\t\t<div class=\"elementor-element elementor-element-190b9b6a elementor-widget elementor-widget-image\" data-id=\"190b9b6a\" data-element_type=\"widget\" data-e-type=\"widget\" data-widget_type=\"image.default\">\n\t\t\t\t<div class=\"elementor-widget-container\">\n\t\t\t\t\t\t\t\t\t\t\t\t\t\t\t<img fetchpriority=\"high\" decoding=\"async\" width=\"1024\" height=\"454\" src=\"https:\/\/www.axeria-iard.ro\/stagingGDPR\/wp-content\/uploads\/2023\/07\/Axeria_Logo_Blanc-1024x454.png\" class=\"attachment-large size-large wp-image-5475\" alt=\"axeria iard - calculator rca-logo\" srcset=\"https:\/\/www.axeria-iard.ro\/stagingGDPR\/wp-content\/uploads\/2023\/07\/Axeria_Logo_Blanc-1024x454.png 1024w, https:\/\/www.axeria-iard.ro\/stagingGDPR\/wp-content\/uploads\/2023\/07\/Axeria_Logo_Blanc-300x133.png 300w, https:\/\/www.axeria-iard.ro\/stagingGDPR\/wp-content\/uploads\/2023\/07\/Axeria_Logo_Blanc-768x340.png 768w, https:\/\/www.axeria-iard.ro\/stagingGDPR\/wp-content\/uploads\/2023\/07\/Axeria_Logo_Blanc-1536x680.png 1536w, https:\/\/www.axeria-iard.ro\/stagingGDPR\/wp-content\/uploads\/2023\/07\/Axeria_Logo_Blanc.png 1996w\" sizes=\"(max-width: 1024px) 100vw, 1024px\" \/>\t\t\t\t\t\t\t\t\t\t\t\t\t\t\t<\/div>\n\t\t\t\t<\/div>\n\t\t\t\t<div class=\"elementor-element elementor-element-3991447b elementor-mobile-align-start elementor-icon-list--layout-traditional elementor-list-item-link-full_width elementor-widget elementor-widget-icon-list\" data-id=\"3991447b\" data-element_type=\"widget\" data-e-type=\"widget\" data-widget_type=\"icon-list.default\">\n\t\t\t\t<div class=\"elementor-widget-container\">\n\t\t\t\t\t\t\t<ul class=\"elementor-icon-list-items\">\n\t\t\t\t\t\t\t<li class=\"elementor-icon-list-item\">\n\t\t\t\t\t\t\t\t\t\t\t<span class=\"elementor-icon-list-icon\">\n\t\t\t\t\t\t\t<i aria-hidden=\"true\" class=\"far fa-building\"><\/i>\t\t\t\t\t\t<\/span>\n\t\t\t\t\t\t\t\t\t\t<span class=\"elementor-icon-list-text\">AXERIA IARD SA Lyon \u2013 Sucursala Bucuresti<\/span>\n\t\t\t\t\t\t\t\t\t<\/li>\n\t\t\t\t\t\t\t\t<li class=\"elementor-icon-list-item\">\n\t\t\t\t\t\t\t\t\t\t\t<span class=\"elementor-icon-list-icon\">\n\t\t\t\t\t\t\t<i aria-hidden=\"true\" class=\"fas fa-map-marker-alt\"><\/i>\t\t\t\t\t\t<\/span>\n\t\t\t\t\t\t\t\t\t\t<span class=\"elementor-icon-list-text\">Str. Gheorghe Titeica 212-214 (Floreasca), Sector 2, Bucuresti - Cladirea Ethos House, Etaj 2<\/span>\n\t\t\t\t\t\t\t\t\t<\/li>\n\t\t\t\t\t\t\t\t<li class=\"elementor-icon-list-item\">\n\t\t\t\t\t\t\t\t\t\t\t<span class=\"elementor-icon-list-icon\">\n\t\t\t\t\t\t\t<i aria-hidden=\"true\" class=\"fas fa-book-open\"><\/i>\t\t\t\t\t\t<\/span>\n\t\t\t\t\t\t\t\t\t\t<span class=\"elementor-icon-list-text\">J2021011706408 CUI 44552384<\/span>\n\t\t\t\t\t\t\t\t\t<\/li>\n\t\t\t\t\t\t\t\t<li class=\"elementor-icon-list-item\">\n\t\t\t\t\t\t\t\t\t\t\t<span class=\"elementor-icon-list-icon\">\n\t\t\t\t\t\t\t<i aria-hidden=\"true\" class=\"far fa-list-alt\"><\/i>\t\t\t\t\t\t<\/span>\n\t\t\t\t\t\t\t\t\t\t<span class=\"elementor-icon-list-text\">Autorizata si inregistrata sub numarul 352893200 si supervizata de Autorit\u00e9 de contr\u00f4le prudentiel et de r\u00e9solution (ACPR) Franta https:\/\/acpr.banque-france.fr<\/span>\n\t\t\t\t\t\t\t\t\t<\/li>\n\t\t\t\t\t\t<\/ul>\n\t\t\t\t\t\t<\/div>\n\t\t\t\t<\/div>\n\t\t\t\t\t<\/div>\n\t\t<\/div>\n\t\t\t\t<div class=\"elementor-column elementor-col-33 elementor-top-column elementor-element elementor-element-652ea950\" data-id=\"652ea950\" data-element_type=\"column\" data-e-type=\"column\">\n\t\t\t<div class=\"elementor-widget-wrap elementor-element-populated\">\n\t\t\t\t\t\t<div class=\"elementor-element elementor-element-e3e78b8 elementor-widget elementor-widget-text-editor\" data-id=\"e3e78b8\" data-element_type=\"widget\" data-e-type=\"widget\" data-widget_type=\"text-editor.default\">\n\t\t\t\t<div class=\"elementor-widget-container\">\n\t\t\t\t\t\t\t\t\t<p>PROTECTIA DATELOR<\/p>\t\t\t\t\t\t\t\t<\/div>\n\t\t\t\t<\/div>\n\t\t\t\t<div class=\"elementor-element elementor-element-47b89939 elementor-widget elementor-widget-text-editor\" data-id=\"47b89939\" data-element_type=\"widget\" data-e-type=\"widget\" data-widget_type=\"text-editor.default\">\n\t\t\t\t<div class=\"elementor-widget-container\">\n\t\t\t\t\t\t\t\t\t<p><a href=\"https:\/\/www.axeria-iard.ro\/stagingGDPR\/clauza-decontare\/\"><span style=\"color: #ffffff;\">Clauza de decontare directa<\/span><\/a><\/p><p><a href=\"https:\/\/www.axeria-iard.ro\/stagingGDPR\/petitii-online\/\"><span style=\"color: #ffffff;\">Petitii<\/span><\/a><\/p><p><a href=\"https:\/\/www.axeria-iard.ro\/stagingGDPR\/politica-cookies\/\"><span style=\"color: #ffffff;\">Politica de cookies<\/span><\/a><\/p><p><a href=\"https:\/\/www.axeria-iard.ro\/stagingGDPR\/termeni-si-conditii\/\"><span style=\"color: #ffffff;\">Termeni si conditii<\/span><\/a><\/p><p><a href=\"https:\/\/www.axeria-iard.ro\/stagingGDPR\/politica-de-confidentialitate-gdpr\/\"><span style=\"color: #ffffff;\">Politica de confidentialitate &#8211; GDPR<\/span><\/a><\/p><p>\u00a0<\/p><p style=\"text-align: center;\">\u00a0<\/p>\t\t\t\t\t\t\t\t<\/div>\n\t\t\t\t<\/div>\n\t\t\t\t\t<\/div>\n\t\t<\/div>\n\t\t\t\t<div class=\"elementor-column elementor-col-33 elementor-top-column elementor-element elementor-element-30bd224\" data-id=\"30bd224\" data-element_type=\"column\" data-e-type=\"column\">\n\t\t\t<div class=\"elementor-widget-wrap elementor-element-populated\">\n\t\t\t\t\t\t<div class=\"elementor-element elementor-element-3a34e1f2 elementor-widget elementor-widget-text-editor\" data-id=\"3a34e1f2\" data-element_type=\"widget\" data-e-type=\"widget\" data-widget_type=\"text-editor.default\">\n\t\t\t\t<div class=\"elementor-widget-container\">\n\t\t\t\t\t\t\t\t\t<p>LINK-URI UTILE<\/p>\t\t\t\t\t\t\t\t<\/div>\n\t\t\t\t<\/div>\n\t\t\t\t<div class=\"elementor-element elementor-element-73d442e0 elementor-widget elementor-widget-text-editor\" data-id=\"73d442e0\" data-element_type=\"widget\" data-e-type=\"widget\" data-widget_type=\"text-editor.default\">\n\t\t\t\t<div class=\"elementor-widget-container\">\n\t\t\t\t\t\t\t\t\t<p><span style=\"color: #ffffff;\"><a style=\"color: #ffffff;\" href=\"https:\/\/asfromania.ro\/\">Autoritatea de supraveghere financiara (ASF)<\/a><\/span><\/p><p><a href=\"https:\/\/www.axeria-iard.ro\/stagingGDPR\/petitii\/\"><span style=\"color: #ffffff;\">Petitii AXERIA-IARD LION &#8211; Sucursala Bucuresti<\/span><\/a><\/p><p><span style=\"color: #ffffff;\"><a style=\"color: #ffffff;\" href=\"https:\/\/anpc.ro\/\">Protectia consumatorilor (ANPC)<\/a><\/span><\/p><p><a href=\"https:\/\/www.axeria-iard.ro\/stagingGDPR\/wp-content\/uploads\/2026\/04\/Raport-tarife-referinta-Nov-2025.pdf\" target=\"_blank\" rel=\"noopener\"><span style=\"color: #ffffff;\">Raport tarife de referinta RCA<\/span><\/a><\/p><p>\u00a0<\/p>\t\t\t\t\t\t\t\t<\/div>\n\t\t\t\t<\/div>\n\t\t\t\t\t<\/div>\n\t\t<\/div>\n\t\t\t\t\t<\/div>\n\t\t<\/section>\n\t\t\t\t<section class=\"elementor-section elementor-top-section elementor-element elementor-element-5bd695a5 elementor-section-boxed elementor-section-height-default elementor-section-height-default\" data-id=\"5bd695a5\" data-element_type=\"section\" data-e-type=\"section\" data-settings=\"{&quot;background_background&quot;:&quot;classic&quot;,&quot;_ha_eqh_enable&quot;:false}\">\n\t\t\t\t\t\t<div class=\"elementor-container elementor-column-gap-default\">\n\t\t\t\t\t<div class=\"elementor-column elementor-col-100 elementor-top-column elementor-element elementor-element-4c4cbdd4\" data-id=\"4c4cbdd4\" data-element_type=\"column\" data-e-type=\"column\">\n\t\t\t<div class=\"elementor-widget-wrap elementor-element-populated\">\n\t\t\t\t\t\t<div class=\"elementor-element elementor-element-69185b49 elementor-widget elementor-widget-text-editor\" data-id=\"69185b49\" data-element_type=\"widget\" data-e-type=\"widget\" data-widget_type=\"text-editor.default\">\n\t\t\t\t<div class=\"elementor-widget-container\">\n\t\t\t\t\t\t\t\t\t<p>Axeria-Iard \u00a9 2023 &#8211; Toate drepturile rezervate &#8211; design by <span style=\"color: #ccffff;\"><a style=\"color: #ccffff;\" href=\"https:\/\/www.mcgmwebdesign.ro\/\">MCGM Web Design<\/a><\/span><\/p>\t\t\t\t\t\t\t\t<\/div>\n\t\t\t\t<\/div>\n\t\t\t\t\t<\/div>\n\t\t<\/div>\n\t\t\t\t\t<\/div>\n\t\t<\/section>\n\t\t\t\t<\/div>\n\t\t","protected":false},"excerpt":{"rendered":"<p>Calculator RCA Aici puteti obtine tariful informativ RCA pentru autovehiculul dvs., ce contine si comisionul de intermediere maximal de 11%.Va rugam sa retineti ca acesta nu reprezinta o oferta de asigurare.Daca doriti o oferta de asigurare angajanta, va rugam sa va adresati unuia dintre partenerii nostri pe care ii puteti gasi pe pagina\u00a0&#8220;PARTENERI&#8221;.Pentru orice neclaritati [&hellip;]<\/p>\n","protected":false},"author":1,"featured_media":0,"parent":0,"menu_order":0,"comment_status":"closed","ping_status":"closed","template":"elementor_header_footer","meta":{"footnotes":""},"class_list":["post-1534","page","type-page","status-publish","hentry"],"blocksy_meta":[],"yoast_head":"<!-- This site is optimized with the Yoast SEO plugin v27.0 - https:\/\/yoast.com\/product\/yoast-seo-wordpress\/ -->\n<title>calculator RCA<\/title>\n<meta name=\"description\" content=\"Calculator RCA. Aici puteti obtine tariful informativ RCA pentru autovehiculul dvs., ce contine si comisionul de intermediere maximal de 11%.\" \/>\n<meta name=\"robots\" content=\"noindex, follow, max-snippet:-1, max-image-preview:large, max-video-preview:-1\" \/>\n<meta property=\"og:locale\" content=\"ro_RO\" \/>\n<meta property=\"og:type\" content=\"article\" \/>\n<meta property=\"og:title\" content=\"calculator RCA\" \/>\n<meta property=\"og:description\" content=\"Calculator RCA. Aici puteti obtine tariful informativ RCA pentru autovehiculul dvs., ce contine si comisionul de intermediere maximal de 11%.\" \/>\n<meta property=\"og:url\" content=\"https:\/\/www.axeria-iard.ro\/stagingGDPR\/calculator-rca\/\" \/>\n<meta property=\"og:site_name\" content=\"Axeria-iard\" \/>\n<meta property=\"article:modified_time\" content=\"2026-04-07T08:37:48+00:00\" \/>\n<meta property=\"og:image\" content=\"https:\/\/www.axeria-iard.ro\/stagingGDPR\/wp-content\/uploads\/2023\/07\/Axeria_Logo_Blanc.png\" \/>\n\t<meta property=\"og:image:width\" content=\"1996\" \/>\n\t<meta property=\"og:image:height\" content=\"884\" \/>\n\t<meta property=\"og:image:type\" content=\"image\/png\" \/>\n<meta name=\"twitter:card\" content=\"summary_large_image\" \/>\n<meta name=\"twitter:label1\" content=\"Timp estimat pentru citire\" \/>\n\t<meta name=\"twitter:data1\" content=\"2 minute\" \/>\n<script type=\"application\/ld+json\" class=\"yoast-schema-graph\">{\"@context\":\"https:\/\/schema.org\",\"@graph\":[{\"@type\":\"WebPage\",\"@id\":\"https:\/\/www.axeria-iard.ro\/stagingGDPR\/calculator-rca\/\",\"url\":\"https:\/\/www.axeria-iard.ro\/stagingGDPR\/calculator-rca\/\",\"name\":\"calculator RCA\",\"isPartOf\":{\"@id\":\"https:\/\/www.axeria-iard.ro\/stagingGDPR\/#website\"},\"primaryImageOfPage\":{\"@id\":\"https:\/\/www.axeria-iard.ro\/stagingGDPR\/calculator-rca\/#primaryimage\"},\"image\":{\"@id\":\"https:\/\/www.axeria-iard.ro\/stagingGDPR\/calculator-rca\/#primaryimage\"},\"thumbnailUrl\":\"https:\/\/www.axeria-iard.ro\/stagingGDPR\/wp-content\/uploads\/2023\/07\/Axeria_Logo_Blanc-1024x454.png\",\"datePublished\":\"2023-04-25T15:42:44+00:00\",\"dateModified\":\"2026-04-07T08:37:48+00:00\",\"description\":\"Calculator RCA. Aici puteti obtine tariful informativ RCA pentru autovehiculul dvs., ce contine si comisionul de intermediere maximal de 11%.\",\"breadcrumb\":{\"@id\":\"https:\/\/www.axeria-iard.ro\/stagingGDPR\/calculator-rca\/#breadcrumb\"},\"inLanguage\":\"ro-RO\",\"potentialAction\":[{\"@type\":\"ReadAction\",\"target\":[\"https:\/\/www.axeria-iard.ro\/stagingGDPR\/calculator-rca\/\"]}]},{\"@type\":\"ImageObject\",\"inLanguage\":\"ro-RO\",\"@id\":\"https:\/\/www.axeria-iard.ro\/stagingGDPR\/calculator-rca\/#primaryimage\",\"url\":\"https:\/\/www.axeria-iard.ro\/stagingGDPR\/wp-content\/uploads\/2023\/07\/Axeria_Logo_Blanc.png\",\"contentUrl\":\"https:\/\/www.axeria-iard.ro\/stagingGDPR\/wp-content\/uploads\/2023\/07\/Axeria_Logo_Blanc.png\",\"width\":1996,\"height\":884,\"caption\":\"axeria iard - calculator rca-logo\"},{\"@type\":\"BreadcrumbList\",\"@id\":\"https:\/\/www.axeria-iard.ro\/stagingGDPR\/calculator-rca\/#breadcrumb\",\"itemListElement\":[{\"@type\":\"ListItem\",\"position\":1,\"name\":\"Home\",\"item\":\"https:\/\/www.axeria-iard.ro\/stagingGDPR\/\"},{\"@type\":\"ListItem\",\"position\":2,\"name\":\"Calculator RCA\"}]},{\"@type\":\"WebSite\",\"@id\":\"https:\/\/www.axeria-iard.ro\/stagingGDPR\/#website\",\"url\":\"https:\/\/www.axeria-iard.ro\/stagingGDPR\/\",\"name\":\"Axeria-iard\",\"description\":\"\",\"publisher\":{\"@id\":\"https:\/\/www.axeria-iard.ro\/stagingGDPR\/#organization\"},\"potentialAction\":[{\"@type\":\"SearchAction\",\"target\":{\"@type\":\"EntryPoint\",\"urlTemplate\":\"https:\/\/www.axeria-iard.ro\/stagingGDPR\/?s={search_term_string}\"},\"query-input\":{\"@type\":\"PropertyValueSpecification\",\"valueRequired\":true,\"valueName\":\"search_term_string\"}}],\"inLanguage\":\"ro-RO\"},{\"@type\":\"Organization\",\"@id\":\"https:\/\/www.axeria-iard.ro\/stagingGDPR\/#organization\",\"name\":\"Axeria Iard\",\"url\":\"https:\/\/www.axeria-iard.ro\/stagingGDPR\/\",\"logo\":{\"@type\":\"ImageObject\",\"inLanguage\":\"ro-RO\",\"@id\":\"https:\/\/www.axeria-iard.ro\/stagingGDPR\/#\/schema\/logo\/image\/\",\"url\":\"https:\/\/www.axeria-iard.ro\/stagingGDPR\/wp-content\/uploads\/2023\/04\/Axeria_Logo_Couleurs.svg\",\"contentUrl\":\"https:\/\/www.axeria-iard.ro\/stagingGDPR\/wp-content\/uploads\/2023\/04\/Axeria_Logo_Couleurs.svg\",\"width\":499,\"height\":221,\"caption\":\"Axeria Iard\"},\"image\":{\"@id\":\"https:\/\/www.axeria-iard.ro\/stagingGDPR\/#\/schema\/logo\/image\/\"}}]}<\/script>\n<!-- \/ Yoast SEO plugin. -->","yoast_head_json":{"title":"calculator RCA","description":"Calculator RCA. Aici puteti obtine tariful informativ RCA pentru autovehiculul dvs., ce contine si comisionul de intermediere maximal de 11%.","robots":{"index":"noindex","follow":"follow","max-snippet":"max-snippet:-1","max-image-preview":"max-image-preview:large","max-video-preview":"max-video-preview:-1"},"og_locale":"ro_RO","og_type":"article","og_title":"calculator RCA","og_description":"Calculator RCA. Aici puteti obtine tariful informativ RCA pentru autovehiculul dvs., ce contine si comisionul de intermediere maximal de 11%.","og_url":"https:\/\/www.axeria-iard.ro\/stagingGDPR\/calculator-rca\/","og_site_name":"Axeria-iard","article_modified_time":"2026-04-07T08:37:48+00:00","og_image":[{"width":1996,"height":884,"url":"https:\/\/www.axeria-iard.ro\/stagingGDPR\/wp-content\/uploads\/2023\/07\/Axeria_Logo_Blanc.png","type":"image\/png"}],"twitter_card":"summary_large_image","twitter_misc":{"Timp estimat pentru citire":"2 minute"},"schema":{"@context":"https:\/\/schema.org","@graph":[{"@type":"WebPage","@id":"https:\/\/www.axeria-iard.ro\/stagingGDPR\/calculator-rca\/","url":"https:\/\/www.axeria-iard.ro\/stagingGDPR\/calculator-rca\/","name":"calculator RCA","isPartOf":{"@id":"https:\/\/www.axeria-iard.ro\/stagingGDPR\/#website"},"primaryImageOfPage":{"@id":"https:\/\/www.axeria-iard.ro\/stagingGDPR\/calculator-rca\/#primaryimage"},"image":{"@id":"https:\/\/www.axeria-iard.ro\/stagingGDPR\/calculator-rca\/#primaryimage"},"thumbnailUrl":"https:\/\/www.axeria-iard.ro\/stagingGDPR\/wp-content\/uploads\/2023\/07\/Axeria_Logo_Blanc-1024x454.png","datePublished":"2023-04-25T15:42:44+00:00","dateModified":"2026-04-07T08:37:48+00:00","description":"Calculator RCA. Aici puteti obtine tariful informativ RCA pentru autovehiculul dvs., ce contine si comisionul de intermediere maximal de 11%.","breadcrumb":{"@id":"https:\/\/www.axeria-iard.ro\/stagingGDPR\/calculator-rca\/#breadcrumb"},"inLanguage":"ro-RO","potentialAction":[{"@type":"ReadAction","target":["https:\/\/www.axeria-iard.ro\/stagingGDPR\/calculator-rca\/"]}]},{"@type":"ImageObject","inLanguage":"ro-RO","@id":"https:\/\/www.axeria-iard.ro\/stagingGDPR\/calculator-rca\/#primaryimage","url":"https:\/\/www.axeria-iard.ro\/stagingGDPR\/wp-content\/uploads\/2023\/07\/Axeria_Logo_Blanc.png","contentUrl":"https:\/\/www.axeria-iard.ro\/stagingGDPR\/wp-content\/uploads\/2023\/07\/Axeria_Logo_Blanc.png","width":1996,"height":884,"caption":"axeria iard - calculator rca-logo"},{"@type":"BreadcrumbList","@id":"https:\/\/www.axeria-iard.ro\/stagingGDPR\/calculator-rca\/#breadcrumb","itemListElement":[{"@type":"ListItem","position":1,"name":"Home","item":"https:\/\/www.axeria-iard.ro\/stagingGDPR\/"},{"@type":"ListItem","position":2,"name":"Calculator RCA"}]},{"@type":"WebSite","@id":"https:\/\/www.axeria-iard.ro\/stagingGDPR\/#website","url":"https:\/\/www.axeria-iard.ro\/stagingGDPR\/","name":"Axeria-iard","description":"","publisher":{"@id":"https:\/\/www.axeria-iard.ro\/stagingGDPR\/#organization"},"potentialAction":[{"@type":"SearchAction","target":{"@type":"EntryPoint","urlTemplate":"https:\/\/www.axeria-iard.ro\/stagingGDPR\/?s={search_term_string}"},"query-input":{"@type":"PropertyValueSpecification","valueRequired":true,"valueName":"search_term_string"}}],"inLanguage":"ro-RO"},{"@type":"Organization","@id":"https:\/\/www.axeria-iard.ro\/stagingGDPR\/#organization","name":"Axeria Iard","url":"https:\/\/www.axeria-iard.ro\/stagingGDPR\/","logo":{"@type":"ImageObject","inLanguage":"ro-RO","@id":"https:\/\/www.axeria-iard.ro\/stagingGDPR\/#\/schema\/logo\/image\/","url":"https:\/\/www.axeria-iard.ro\/stagingGDPR\/wp-content\/uploads\/2023\/04\/Axeria_Logo_Couleurs.svg","contentUrl":"https:\/\/www.axeria-iard.ro\/stagingGDPR\/wp-content\/uploads\/2023\/04\/Axeria_Logo_Couleurs.svg","width":499,"height":221,"caption":"Axeria Iard"},"image":{"@id":"https:\/\/www.axeria-iard.ro\/stagingGDPR\/#\/schema\/logo\/image\/"}}]}},"_links":{"self":[{"href":"https:\/\/www.axeria-iard.ro\/stagingGDPR\/wp-json\/wp\/v2\/pages\/1534","targetHints":{"allow":["GET"]}}],"collection":[{"href":"https:\/\/www.axeria-iard.ro\/stagingGDPR\/wp-json\/wp\/v2\/pages"}],"about":[{"href":"https:\/\/www.axeria-iard.ro\/stagingGDPR\/wp-json\/wp\/v2\/types\/page"}],"author":[{"embeddable":true,"href":"https:\/\/www.axeria-iard.ro\/stagingGDPR\/wp-json\/wp\/v2\/users\/1"}],"replies":[{"embeddable":true,"href":"https:\/\/www.axeria-iard.ro\/stagingGDPR\/wp-json\/wp\/v2\/comments?post=1534"}],"version-history":[{"count":169,"href":"https:\/\/www.axeria-iard.ro\/stagingGDPR\/wp-json\/wp\/v2\/pages\/1534\/revisions"}],"predecessor-version":[{"id":6709,"href":"https:\/\/www.axeria-iard.ro\/stagingGDPR\/wp-json\/wp\/v2\/pages\/1534\/revisions\/6709"}],"wp:attachment":[{"href":"https:\/\/www.axeria-iard.ro\/stagingGDPR\/wp-json\/wp\/v2\/media?parent=1534"}],"curies":[{"name":"wp","href":"https:\/\/api.w.org\/{rel}","templated":true}]}}